{"id":926,"date":"2021-03-11T06:41:58","date_gmt":"2021-03-11T08:41:58","guid":{"rendered":"https:\/\/thepctmhanoi.com\/?post_type=product&#038;p=926"},"modified":"2021-03-11T06:41:58","modified_gmt":"2021-03-11T08:41:58","slug":"thep-cuon-ma-kem-2","status":"publish","type":"product","link":"https:\/\/thepctmhanoi.com\/?product=thep-cuon-ma-kem-2","title":{"rendered":"TH\u00c9P CU\u1ed8N M\u1ea0 K\u1ebcM"},"content":{"rendered":"<p>C\u00d4NG TY TNHH TH\u00c9P CTM H\u00c0 N\u1ed8I l\u00e0 nh\u00e0 nh\u1eadp kh\u1ea9u v\u00e0 \u0111\u1ed1i t\u00e1c ch\u00ednh th\u1ee9c c\u1ee7a m\u1ed9t s\u1ed1 t\u1eadp \u0111o\u00e0n th\u00e9p l\u1edbn tr\u00ean th\u1ebf gi\u1edbi nh\u01b0: Nippon Steel, Tokyo Steel, JFE Steel, DongBu Steel \u2026V\u1edbi vi\u1ec7c \u0111\u1ea7u t\u01b0 trung t\u00e2m c\u1eaft x\u1ebb \u0111\u1ecbnh h\u00ecnh th\u00e9p ch\u1ea5t l\u01b0\u1ee3ng cao (CTM H\u00c0 N\u1ed8I Steel Coil Center), Th\u00e9p CTM H\u00e0 N\u1ed9i cung c\u1ea5p c\u00e1c s\u1ea3n ph\u1ea9m c\u1eaft x\u1ebb nh\u01b0 th\u00e9p t\u1ea5m l\u00e1, th\u00e9p x\u1ebb b\u0103ng v\u1edbi c\u00e1c k\u00edch th\u01b0\u1edbc v\u00e0 quy c\u00e1ch c\u1eaft x\u1ebb theo y\u00eau c\u1ea7u c\u1ee7a Qu\u00fd kh\u00e1ch.<\/p>\n","protected":false},"excerpt":{"rendered":"<p>TH\u00c9P CU\u1ed8N M\u1ea0 K\u1ebcM<\/p>\n","protected":false},"featured_media":927,"comment_status":"open","ping_status":"closed","template":"","meta":[],"_links":{"self":[{"href":"https:\/\/thepctmhanoi.com\/index.php?rest_route=\/wp\/v2\/product\/926"}],"collection":[{"href":"https:\/\/thepctmhanoi.com\/index.php?rest_route=\/wp\/v2\/product"}],"about":[{"href":"https:\/\/thepctmhanoi.com\/index.php?rest_route=\/wp\/v2\/types\/product"}],"replies":[{"embeddable":true,"href":"https:\/\/thepctmhanoi.com\/index.php?rest_route=%2Fwp%2Fv2%2Fcomments&post=926"}],"wp:featuredmedia":[{"embeddable":true,"href":"https:\/\/thepctmhanoi.com\/index.php?rest_route=\/wp\/v2\/media\/927"}],"wp:attachment":[{"href":"https:\/\/thepctmhanoi.com\/index.php?rest_route=%2Fwp%2Fv2%2Fmedia&parent=926"}],"curies":[{"name":"wp","href":"https:\/\/api.w.org\/{rel}","templated":true}]}}