{"id":73,"date":"2020-10-01T03:40:26","date_gmt":"2020-10-01T05:40:26","guid":{"rendered":"https:\/\/thepctmhanoi.com\/?page_id=73"},"modified":"2021-01-22T12:51:04","modified_gmt":"2021-01-22T14:51:04","slug":"thep-cuon-tam-can-nguoi-2","status":"publish","type":"page","link":"https:\/\/thepctmhanoi.com\/?page_id=73","title":{"rendered":"Th\u00e9p Cu\u1ed9n, T\u1ea5m C\u00e1n Ngu\u1ed9i"},"content":{"rendered":"\n<div class=\"slider-wrapper relative\" id=\"slider-891649795\" >\n    <div class=\"slider slider-nav-circle slider-nav-large slider-nav-light slider-style-normal\"\n        data-flickity-options='{\n            \"cellAlign\": \"center\",\n            \"imagesLoaded\": true,\n            \"lazyLoad\": 1,\n            \"freeScroll\": false,\n            \"wrapAround\": true,\n            \"autoPlay\": 6000,\n            \"pauseAutoPlayOnHover\" : true,\n            \"prevNextButtons\": true,\n            \"contain\" : true,\n            \"adaptiveHeight\" : true,\n            \"dragThreshold\" : 10,\n            \"percentPosition\": true,\n            \"pageDots\": true,\n            \"rightToLeft\": false,\n            \"draggable\": true,\n            \"selectedAttraction\": 0.1,\n            \"parallax\" : 0,\n            \"friction\": 0.6        }'\n        >\n        \n\n\n  <div class=\"banner has-hover\" id=\"banner-1277841235\">\n          <div class=\"banner-inner fill\">\n        <div class=\"banner-bg fill\" >\n            <div class=\"bg fill bg-fill \"><\/div>\n                                    \n                    <\/div><!-- bg-layers -->\n        <div class=\"banner-layers container\">\n            <div class=\"fill banner-link\"><\/div>               <div id=\"text-box-422172434\" class=\"text-box banner-layer x50 md-x50 lg-x50 y50 md-y50 lg-y50 res-text\">\n                     <div data-animate=\"fadeIn\">           <div class=\"text dark\">\n              \n              <div class=\"text-inner text-center\">\n                  \n\n\n              <\/div>\n           <\/div><!-- text-box-inner -->\n       <\/div>                     \n<style scope=\"scope\">\n\n#text-box-422172434 {\n  width: 60%;\n}\n#text-box-422172434 .text {\n  font-size: 100%;\n}\n\n\n@media (min-width:550px) {\n\n  #text-box-422172434 {\n    width: 60%;\n  }\n\n}\n<\/style>\n    <\/div><!-- text-box -->\n         <\/div><!-- .banner-layers -->\n      <\/div><!-- .banner-inner -->\n\n            \n<style scope=\"scope\">\n\n#banner-1277841235 {\n  padding-top: 500px;\n}\n#banner-1277841235 .bg.bg-loaded {\n  background-image: url(https:\/\/thepctmhanoi.com\/wp-content\/uploads\/2020\/11\/Slitter_Machine_Slitting_Line-1067x800.jpg);\n}\n<\/style>\n  <\/div><!-- .banner -->\n\n\n\n  <div class=\"banner has-hover\" id=\"banner-89898318\">\n          <div class=\"banner-inner fill\">\n        <div class=\"banner-bg fill\" >\n            <div class=\"bg fill bg-fill \"><\/div>\n                                    \n                    <\/div><!-- bg-layers -->\n        <div class=\"banner-layers container\">\n            <div class=\"fill banner-link\"><\/div>               <div id=\"text-box-1912061168\" class=\"text-box banner-layer x50 md-x50 lg-x50 y50 md-y50 lg-y50 res-text\">\n                     <div data-animate=\"fadeIn\">           <div class=\"text dark\">\n              \n              <div class=\"text-inner text-center\">\n                  \n\n\n              <\/div>\n           <\/div><!-- text-box-inner -->\n       <\/div>                     \n<style scope=\"scope\">\n\n#text-box-1912061168 {\n  width: 60%;\n}\n#text-box-1912061168 .text {\n  font-size: 100%;\n}\n\n\n@media (min-width:550px) {\n\n  #text-box-1912061168 {\n    width: 60%;\n  }\n\n}\n<\/style>\n    <\/div><!-- text-box -->\n         <\/div><!-- .banner-layers -->\n      <\/div><!-- .banner-inner -->\n\n            \n<style scope=\"scope\">\n\n#banner-89898318 {\n  padding-top: 500px;\n}\n#banner-89898318 .bg.bg-loaded {\n  background-image: url(https:\/\/thepctmhanoi.com\/wp-content\/uploads\/2020\/12\/cuon-can-nong-1400x569.jpg);\n}\n<\/style>\n  <\/div><!-- .banner -->\n\n\n\n  <div class=\"banner has-hover\" id=\"banner-1489642017\">\n          <div class=\"banner-inner fill\">\n        <div class=\"banner-bg fill\" >\n            <div class=\"bg fill bg-fill \"><\/div>\n                                    \n                    <\/div><!-- bg-layers -->\n        <div class=\"banner-layers container\">\n            <div class=\"fill banner-link\"><\/div>               <div id=\"text-box-1987920423\" class=\"text-box banner-layer x50 md-x50 lg-x50 y50 md-y50 lg-y50 res-text\">\n                     <div data-animate=\"fadeIn\">           <div class=\"text dark\">\n              \n              <div class=\"text-inner text-center\">\n                  \n\n\n              <\/div>\n           <\/div><!-- text-box-inner -->\n       <\/div>                     \n<style scope=\"scope\">\n\n#text-box-1987920423 {\n  width: 60%;\n}\n#text-box-1987920423 .text {\n  font-size: 100%;\n}\n\n\n@media (min-width:550px) {\n\n  #text-box-1987920423 {\n    width: 60%;\n  }\n\n}\n<\/style>\n    <\/div><!-- text-box -->\n         <\/div><!-- .banner-layers -->\n      <\/div><!-- .banner-inner -->\n\n            \n<style scope=\"scope\">\n\n#banner-1489642017 {\n  padding-top: 500px;\n}\n#banner-1489642017 .bg.bg-loaded {\n  background-image: url(https:\/\/thepctmhanoi.com\/wp-content\/uploads\/2020\/11\/gia-cong-xa-bang.jpg);\n}\n<\/style>\n  <\/div><!-- .banner -->\n\n\n\n  <div class=\"banner has-hover\" id=\"banner-1173625036\">\n          <div class=\"banner-inner fill\">\n        <div class=\"banner-bg fill\" >\n            <div class=\"bg fill bg-fill \"><\/div>\n                                    \n                    <\/div><!-- bg-layers -->\n        <div class=\"banner-layers container\">\n            <div class=\"fill banner-link\"><\/div>               <div id=\"text-box-1338680855\" class=\"text-box banner-layer x50 md-x50 lg-x50 y50 md-y50 lg-y50 res-text\">\n                     <div data-animate=\"fadeIn\">           <div class=\"text dark\">\n              \n              <div class=\"text-inner text-center\">\n                  \n\n\n              <\/div>\n           <\/div><!-- text-box-inner -->\n       <\/div>                     \n<style scope=\"scope\">\n\n#text-box-1338680855 {\n  width: 60%;\n}\n#text-box-1338680855 .text {\n  font-size: 100%;\n}\n\n\n@media (min-width:550px) {\n\n  #text-box-1338680855 {\n    width: 60%;\n  }\n\n}\n<\/style>\n    <\/div><!-- text-box -->\n         <\/div><!-- .banner-layers -->\n      <\/div><!-- .banner-inner -->\n\n            \n<style scope=\"scope\">\n\n#banner-1173625036 {\n  padding-top: 500px;\n}\n#banner-1173625036 .bg.bg-loaded {\n  background-image: url(https:\/\/thepctmhanoi.com\/wp-content\/uploads\/2020\/12\/unnamed.jpg);\n}\n<\/style>\n  <\/div><!-- .banner -->\n\n\n\n     <\/div>\n\n     <div class=\"loading-spin dark large centered\"><\/div>\n\n     <style scope=\"scope\">\n             <\/style>\n<\/div><!-- .ux-slider-wrapper -->\n\n\n\t<section class=\"section\" id=\"section_1840351670\">\n\t\t<div class=\"bg section-bg fill bg-fill  \" >\n\n\t\t\t\n\t\t\t\n\t\t\t\n\n\t\t<\/div><!-- .section-bg -->\n\n\t\t<div class=\"section-content relative\">\n\t\t\t\n\n<div class=\"row\"  id=\"row-1068030059\">\n\n<div class=\"col medium-3 small-12 large-3\"  ><div class=\"col-inner box-shadow-2 text-shadow-2\"  >\n\n<h3 style=\"text-align: center;\"><span style=\"color: #ed1c24; font-size: 100%;\">DANH M\u1ee4C S\u1ea2N PH\u1ea8M\u00a0<\/span><\/h3>\n<div class=\"text-center\"><div class=\"is-divider divider clearfix\" style=\"margin-top:1px;margin-bottom:1px;max-width:150px;height:1px;background-color:rgb(247, 7, 7);\"><\/div><\/div><!-- .divider -->\n\n<ul class=\"sidebar-wrapper ul-reset\"><li id=\"nav_menu-2\" class=\"widget widget_nav_menu\"><div class=\"menu-danh-muc-a-container\"><ul id=\"menu-danh-muc-a\" class=\"menu\"><li id=\"menu-item-806\" class=\"menu-item menu-item-type-taxonomy menu-item-object-product_cat menu-item-806\"><a href=\"https:\/\/thepctmhanoi.com\/?product_cat=https-thepctmhanoi-com-page_id69\">Th\u00e9p Cu\u1ed9n C\u00e1c Lo\u1ea1i<\/a><\/li>\n<li id=\"menu-item-812\" class=\"menu-item menu-item-type-taxonomy menu-item-object-product_cat menu-item-812\"><a href=\"https:\/\/thepctmhanoi.com\/?product_cat=thep-tam-cac-loai\">Th\u00e9p T\u1ea5m C\u00e1c Lo\u1ea1i<\/a><\/li>\n<li id=\"menu-item-809\" class=\"menu-item menu-item-type-taxonomy menu-item-object-product_cat menu-item-809\"><a href=\"https:\/\/thepctmhanoi.com\/?product_cat=thep-cuon-tam-ma-kem\">Th\u00e9p Cu\u1ed9n, T\u1ea5m M\u1ea1 K\u1ebdm<\/a><\/li>\n<li id=\"menu-item-807\" class=\"menu-item menu-item-type-taxonomy menu-item-object-product_cat menu-item-807\"><a href=\"https:\/\/thepctmhanoi.com\/?product_cat=thep-cuon-tam-can-nguoi\">Th\u00e9p Cu\u1ed9n, T\u1ea5m C\u00e1n Ngu\u1ed9i<\/a><\/li>\n<li id=\"menu-item-808\" class=\"menu-item menu-item-type-taxonomy menu-item-object-product_cat menu-item-808\"><a href=\"https:\/\/thepctmhanoi.com\/?product_cat=thep-cuon-tam-can-nong\">Th\u00e9p Cu\u1ed9n, T\u1ea5m C\u00e1n N\u00f3ng<\/a><\/li>\n<li id=\"menu-item-810\" class=\"menu-item menu-item-type-taxonomy menu-item-object-product_cat menu-item-810\"><a href=\"https:\/\/thepctmhanoi.com\/?product_cat=thep-cuon-tam-nham\">Th\u00e9p Cu\u1ed9n, T\u1ea5m Nh\u00e3m<\/a><\/li>\n<li id=\"menu-item-804\" class=\"menu-item menu-item-type-taxonomy menu-item-object-product_cat menu-item-804\"><a href=\"https:\/\/thepctmhanoi.com\/?product_cat=thep-ban-ma\">Th\u00e9p B\u1ea3n M\u00e3<\/a><\/li>\n<li id=\"menu-item-805\" class=\"menu-item menu-item-type-taxonomy menu-item-object-product_cat menu-item-805\"><a href=\"https:\/\/thepctmhanoi.com\/?product_cat=thep-chan-dinh-hinh\">Th\u00e9p Ch\u1ea5n \u0110\u1ecbnh H\u00ecnh<\/a><\/li>\n<li id=\"menu-item-811\" class=\"menu-item menu-item-type-taxonomy menu-item-object-product_cat menu-item-811\"><a href=\"https:\/\/thepctmhanoi.com\/?product_cat=thep-hinh-u-i-h\">Th\u00e9p H\u00ecnh U I H<\/a><\/li>\n<\/ul><\/div><\/li><\/ul>\n\n\n<\/div><\/div>\n<div class=\"col medium-6 small-12 large-6\"  ><div class=\"col-inner\"  >\n\n<div class=\"row\"  id=\"row-450046751\">\n\n<div class=\"col medium-4 small-12 large-4\"  ><div class=\"col-inner\"  >\n\n\n\t\t<div class=\"icon-box featured-box icon-box-center text-center\"  >\n\t\t\t\t\t<div class=\"icon-box-img\" style=\"width: 120px\">\n\t\t\t\t<div class=\"icon\">\n\t\t\t\t\t<div class=\"icon-inner\" >\n\t\t\t\t\t\t<img width=\"294\" height=\"330\" src=\"https:\/\/thepctmhanoi.com\/wp-content\/uploads\/2020\/11\/unnamed.png\" class=\"attachment-medium size-medium\" alt=\"\" loading=\"lazy\" \/>\t\t\t\t\t<\/div>\n\t\t\t\t<\/div>\n\t\t\t<\/div>\n\t\t\t\t<div class=\"icon-box-text last-reset\">\n\t\t\t\t\t\t\t\t\t\n\n<h3 style=\"text-align: center;\"><span style=\"font-size: 80%;\">H\u1ee3p t\u00e1c l\u00e2u d\u00e0i, ph\u1ee5c v\u1ee5 t\u1eadn t\u00e2m<\/span><\/h3>\n\n\t\t<\/div>\n\t<\/div><!-- .icon-box -->\n\t\n\t\n\n<\/div><\/div>\n<div class=\"col medium-4 small-12 large-4\"  ><div class=\"col-inner\"  >\n\n\n\t\t<div class=\"icon-box featured-box icon-box-center text-center\"  >\n\t\t\t\t\t<div class=\"icon-box-img\" style=\"width: 120px\">\n\t\t\t\t<div class=\"icon\">\n\t\t\t\t\t<div class=\"icon-inner\" >\n\t\t\t\t\t\t<img width=\"294\" height=\"330\" src=\"https:\/\/thepctmhanoi.com\/wp-content\/uploads\/2020\/11\/unnamed-1.png\" class=\"attachment-medium size-medium\" alt=\"\" loading=\"lazy\" \/>\t\t\t\t\t<\/div>\n\t\t\t\t<\/div>\n\t\t\t<\/div>\n\t\t\t\t<div class=\"icon-box-text last-reset\">\n\t\t\t\t\t\t\t\t\t\n\n<h3 style=\"text-align: center;\"><span style=\"font-size: 80%;\">X\u00e2y d\u1ef1ng uy t\u00edn v\u00e0 ch\u1ea5t l\u01b0\u1ee3ng<\/span><\/h3>\n\n\t\t<\/div>\n\t<\/div><!-- .icon-box -->\n\t\n\t\n\n<\/div><\/div>\n<div class=\"col medium-4 small-12 large-4\"  ><div class=\"col-inner\"  >\n\n\n\t\t<div class=\"icon-box featured-box icon-box-center text-center\"  >\n\t\t\t\t\t<div class=\"icon-box-img\" style=\"width: 120px\">\n\t\t\t\t<div class=\"icon\">\n\t\t\t\t\t<div class=\"icon-inner\" >\n\t\t\t\t\t\t<img width=\"294\" height=\"330\" src=\"https:\/\/thepctmhanoi.com\/wp-content\/uploads\/2020\/11\/unnamed-3.png\" class=\"attachment-medium size-medium\" alt=\"\" loading=\"lazy\" \/>\t\t\t\t\t<\/div>\n\t\t\t\t<\/div>\n\t\t\t<\/div>\n\t\t\t\t<div class=\"icon-box-text last-reset\">\n\t\t\t\t\t\t\t\t\t\n\n<h3 style=\"text-align: center;\"><span style=\"font-size: 80%;\">C\u00f4ng ngh\u1ec7 v\u01b0\u1ee3t tr\u1ed9i<\/span><\/h3>\n\n\t\t<\/div>\n\t<\/div><!-- .icon-box -->\n\t\n\t\n\n<\/div><\/div>\n\n<\/div>\n<div class=\"row\"  id=\"row-1819251223\">\n\n<div class=\"col medium-4 small-12 large-4\"  ><div class=\"col-inner\"  >\n\n\n\t\t<div class=\"icon-box featured-box icon-box-center text-center\"  >\n\t\t\t\t\t<div class=\"icon-box-img\" style=\"width: 120px\">\n\t\t\t\t<div class=\"icon\">\n\t\t\t\t\t<div class=\"icon-inner\" >\n\t\t\t\t\t\t<img width=\"220\" height=\"229\" src=\"https:\/\/thepctmhanoi.com\/wp-content\/uploads\/2020\/11\/images.png\" class=\"attachment-medium size-medium\" alt=\"\" loading=\"lazy\" \/>\t\t\t\t\t<\/div>\n\t\t\t\t<\/div>\n\t\t\t<\/div>\n\t\t\t\t<div class=\"icon-box-text last-reset\">\n\t\t\t\t\t\t\t\t\t\n\n<h3 style=\"text-align: center;\"><span style=\"font-size: 80%;\">Giao h\u00e0ng nhanh ch\u00f3ng \u0111\u00fang ti\u1ebfn \u0111\u1ed9<\/span><\/h3>\n\n\t\t<\/div>\n\t<\/div><!-- .icon-box -->\n\t\n\t\n\n<\/div><\/div>\n<div class=\"col medium-4 small-12 large-4\"  ><div class=\"col-inner\"  >\n\n\n\t\t<div class=\"icon-box featured-box icon-box-center text-center\"  >\n\t\t\t\t\t<div class=\"icon-box-img\" style=\"width: 120px\">\n\t\t\t\t<div class=\"icon\">\n\t\t\t\t\t<div class=\"icon-inner\" >\n\t\t\t\t\t\t<img width=\"222\" height=\"227\" src=\"https:\/\/thepctmhanoi.com\/wp-content\/uploads\/2020\/11\/images-2.png\" class=\"attachment-medium size-medium\" alt=\"\" loading=\"lazy\" \/>\t\t\t\t\t<\/div>\n\t\t\t\t<\/div>\n\t\t\t<\/div>\n\t\t\t\t<div class=\"icon-box-text last-reset\">\n\t\t\t\t\t\t\t\t\t\n\n<h5 style=\"text-align: center;\">Ctm h\u00e0 n\u1ed9i r\u1ea5t h\u1eadn h\u1ea1nh \u0111\u01b0\u1ee3c ph\u1ee5c v\u1ee5 qu\u00fd kh\u00e1ch h\u00e0ng\u00a0<\/h5>\n<h3>\u00a0<\/h3>\n\n\t\t<\/div>\n\t<\/div><!-- .icon-box -->\n\t\n\t\n\n<\/div><\/div>\n<div class=\"col medium-4 small-12 large-4\"  ><div class=\"col-inner\"  >\n\n\n\t\t<div class=\"icon-box featured-box icon-box-center text-center\"  >\n\t\t\t\t\t<div class=\"icon-box-img\" style=\"width: 120px\">\n\t\t\t\t<div class=\"icon\">\n\t\t\t\t\t<div class=\"icon-inner\" >\n\t\t\t\t\t\t<img width=\"225\" height=\"225\" src=\"https:\/\/thepctmhanoi.com\/wp-content\/uploads\/2020\/12\/images-4.png\" class=\"attachment-medium size-medium\" alt=\"\" loading=\"lazy\" srcset=\"https:\/\/thepctmhanoi.com\/wp-content\/uploads\/2020\/12\/images-4.png 225w, https:\/\/thepctmhanoi.com\/wp-content\/uploads\/2020\/12\/images-4-100x100.png 100w\" sizes=\"(max-width: 225px) 100vw, 225px\" \/>\t\t\t\t\t<\/div>\n\t\t\t\t<\/div>\n\t\t\t<\/div>\n\t\t\t\t<div class=\"icon-box-text last-reset\">\n\t\t\t\t\t\t\t\t\t\n\n<h5 style=\"text-align: center;\">\u0110o\u00e0n k\u1ebft \u0111\u1ec3 th\u00e0nh c\u00f4ng<\/h5>\n\n\t\t<\/div>\n\t<\/div><!-- .icon-box -->\n\t\n\t\n\n<\/div><\/div>\n\n<\/div>\n\n<\/div><\/div>\n<div class=\"col medium-3 small-12 large-3\"  ><div class=\"col-inner\"  >\n\n<h3 style=\"text-align: center;\"><span style=\"color: #ed1c24;\">H\u1ed6 TR\u1ee2 TR\u1ef0C TUY\u1ebeN<\/span><\/h3>\n<div class=\"text-center\"><div class=\"is-divider divider clearfix\" style=\"margin-top:1px;margin-bottom:1px;max-width:150px;height:1px;background-color:rgb(247, 13, 13);\"><\/div><\/div><!-- .divider -->\n\n\t<div class=\"box has-hover   has-hover box-text-bottom\" >\n\n\t\t<div class=\"box-image\" style=\"border-radius:100%;width:43%;\">\n\t\t\t\t\t\t<div class=\"\" >\n\t\t\t\t<img width=\"223\" height=\"227\" src=\"https:\/\/thepctmhanoi.com\/wp-content\/uploads\/2021\/01\/images-14.jpg\" class=\"attachment- size-\" alt=\"\" loading=\"lazy\" \/>\t\t\t\t\t\t\t\t\t\t\t<\/div>\n\t\t\t\t\t<\/div><!-- box-image -->\n\n\t\t<div class=\"box-text text-center\" >\n\t\t\t<div class=\"box-text-inner\">\n\t\t\t\t\n\n<h5 style=\"text-align: center;\"><em><strong><span style=\"color: #ed1c24;\">PH\u00d2NG KINH DOANH<\/span><\/strong><\/em><\/h5>\n<hr \/>\n<p style=\"text-align: left;\"><strong><em><span style=\"color: #ed1c24;\">\u00a0 \u00a0Mr. Chi\u1ebfn: <\/span><\/em><\/strong><strong><span style=\"color: #0000ff;\">0935.888.682<\/span><\/strong><\/p>\n<hr \/>\n<p style=\"text-align: left;\"><em><span style=\"color: #ed1c24;\"><strong>\u00a0 \u00a0Mr. Th\u00e0nh: <\/strong><\/span><\/em><strong><span style=\"color: #0000ff;\">08<\/span><span style=\"color: #0000ff;\">79.692.999<\/span><\/strong><\/p>\n<hr \/>\n<p style=\"text-align: left;\"><em style=\"color: #ed1c24; font-size: 14.4px;\"><strong>\u00a0 \u00a0Mr. M\u1ea1nh: <\/strong><\/em><span style=\"color: #0000ff;\"><strong>0879.621.999<\/strong><\/span><\/p>\n<hr \/>\n<p style=\"text-align: center;\"><strong><em><span style=\"color: #ed1c24;\">PH\u00d2NG K\u1ebe TO\u00c1N<\/span><\/em><\/strong><\/p>\n<hr \/>\n<p style=\"text-align: left;\"><span style=\"color: #ed1c24;\"><em><strong>\u00a0 \u00a0 Ms. Hi\u1ec1n: <span style=\"color: #0000ff;\">0398.672.672<\/span><\/strong><\/em><\/span><\/p>\n\n\t\t\t<\/div><!-- box-text-inner -->\n\t\t<\/div><!-- box-text -->\n\t<\/div><!-- .box  -->\n\t\n\n<\/div><\/div>\n\n<\/div>\n\n\t\t<\/div><!-- .section-content -->\n\n\t\t\n<style scope=\"scope\">\n\n#section_1840351670 {\n  padding-top: 30px;\n  padding-bottom: 30px;\n}\n#section_1840351670 .section-bg.bg-loaded {\n  background-image: url(https:\/\/thepctmhanoi.com\/wp-content\/uploads\/2020\/11\/hinh-nen-powerpoint-don-gian-2.jpg);\n}\n<\/style>\n\t<\/section>\n\t\n\n","protected":false},"excerpt":{"rendered":"","protected":false},"author":1,"featured_media":0,"parent":0,"menu_order":0,"comment_status":"closed","ping_status":"closed","template":"page-blank.php","meta":[],"_links":{"self":[{"href":"https:\/\/thepctmhanoi.com\/index.php?rest_route=\/wp\/v2\/pages\/73"}],"collection":[{"href":"https:\/\/thepctmhanoi.com\/index.php?rest_route=\/wp\/v2\/pages"}],"about":[{"href":"https:\/\/thepctmhanoi.com\/index.php?rest_route=\/wp\/v2\/types\/page"}],"author":[{"embeddable":true,"href":"https:\/\/thepctmhanoi.com\/index.php?rest_route=\/wp\/v2\/users\/1"}],"replies":[{"embeddable":true,"href":"https:\/\/thepctmhanoi.com\/index.php?rest_route=%2Fwp%2Fv2%2Fcomments&post=73"}],"version-history":[{"count":2,"href":"https:\/\/thepctmhanoi.com\/index.php?rest_route=\/wp\/v2\/pages\/73\/revisions"}],"predecessor-version":[{"id":847,"href":"https:\/\/thepctmhanoi.com\/index.php?rest_route=\/wp\/v2\/pages\/73\/revisions\/847"}],"wp:attachment":[{"href":"https:\/\/thepctmhanoi.com\/index.php?rest_route=%2Fwp%2Fv2%2Fmedia&parent=73"}],"curies":[{"name":"wp","href":"https:\/\/api.w.org\/{rel}","templated":true}]}}